{"id":538,"date":"2010-09-30T09:08:54","date_gmt":"2010-09-30T09:08:54","guid":{"rendered":"http:\/\/arquitecturaxpiral.wordpress.com\/"},"modified":"2015-11-12T17:00:25","modified_gmt":"2015-11-12T17:00:25","slug":"projects","status":"publish","type":"page","link":"http:\/\/wp3.xpiral.org\/?page_id=538","title":{"rendered":"COMPETITIONS"},"content":{"rendered":"<p><a href=\"http:\/\/www.xpiral.org\/\"><img loading=\"lazy\" decoding=\"async\" class=\"alignleft size-full wp-image-2595\" title=\"COMPETITION\" src=\"http:\/\/wp3.xpiral.org\/wp-content\/uploads\/2010\/09\/COMPETITION.jpg\" alt=\"\" width=\"633\" height=\"261\" srcset=\"http:\/\/wp3.xpiral.org\/wp-content\/uploads\/2010\/09\/COMPETITION.jpg 633w, http:\/\/wp3.xpiral.org\/wp-content\/uploads\/2010\/09\/COMPETITION-310x127.jpg 310w, http:\/\/wp3.xpiral.org\/wp-content\/uploads\/2010\/09\/COMPETITION-300x123.jpg 300w\" sizes=\"auto, (max-width: 633px) 100vw, 633px\" \/><\/a><\/p>\n<p>&nbsp;<\/p>\n<p>&nbsp;<\/p>\n<p>&nbsp;<\/p>\n<p>&nbsp;<\/p>\n<p>&nbsp;<\/p>\n<p>&nbsp;<\/p>\n<p>&nbsp;<\/p>\n<p>&nbsp;<\/p>\n<p><strong>1993 <\/strong><\/p>\n<p>Concurso de ideas Parque Cient\u00edfico y Tecnol\u00f3gico\u00a0\u00a0\u00a0 . Alcal\u00e1 de Henares, Madrid. Finalista.<br \/>\n<strong>1994 <\/strong><\/p>\n<p>Concurso de ideas ordenaci\u00f3n espacios RENFE. Alcantarilla, Murcia. 1\u00ba Premio (Ex aequo).<br \/>\nConcurso de ideas para el Molinete. Cartagena, Murcia. 1\u00ba Premio (Ex aequo).<br \/>\nConcurso de participaci\u00f3n ciudadana, escultura. Premio.<\/p>\n<p>1995<\/p>\n<p>Concurso nacional de artesan\u00eda y dise\u00f1o Navarra. 2\u00ba Premio.<\/p>\n<p><strong>1997 <\/strong><\/p>\n<p>Concurso de ideas Proyecto de ordenaci\u00f3n frente litoral Altea. Alicante, 1\u00ba Premio. Concurso Nacional.<br \/>\nConcurso restringido de ideas Parque Tem\u00e1tico Nueva Espu\u00f1a. Alhama de Murcia, Murcia.<br \/>\nConcurso de ideas Centro tecnol\u00f3gico del metal Regi\u00f3n de Murcia.1\u00ba Premio. Proyecto de Ejecuci\u00f3n.<br \/>\nConcurso de ideas Piscina MCT. 2\u00baPremio.<\/p>\n<p><strong>1999 <\/strong><\/p>\n<p>Concurso restringido de ideas Muelle Alfonso XII. Puerto de Cartagena, Murcia.<br \/>\nConcurso de internacional Ideas Europan 5. Paterna, Valencia. Finalista destacado.<br \/>\nConcurso para la construcci\u00f3n de 8 VPP. La Uni\u00f3n, Murcia. 1\u00ba Premio.<br \/>\nConcurso de ideas Nueva sede archivo hist\u00f3rico provincial. Murcia. 2\u00ba Premio.<\/p>\n<p><strong>2000 <\/strong><\/p>\n<p>Concurso de ideas edificio singular residencial y espacio p\u00fablico. Corvera, Asturias. 1\u00ba Premio.<\/p>\n<p><strong>2001<\/strong><\/p>\n<p>Concurso de ideas edificios IDI Universidad de Valencia. Campus Vera, Valencia. Acc\u00e9sit.<br \/>\nConcurso de internacional Ideas Europan 6. Urban Galindo. Baracaldo, Vizcaya. 1\u00ba Premio.<br \/>\nConcurso de dise\u00f1o de espacios p\u00fablicos Alto Bayna. Blanca, Murcia. 2\u00ba Premio.<\/p>\n<p><strong>2002 <\/strong><\/p>\n<p>Concurso internacional de ideas Ciudad Levante.C\u00f3rdoba. 1\u00ba Premio Exaequo.<br \/>\nConcurso restringido de ideas arquitect\u00f3nicas para Made Endesa Medina del Campo, Valladolid.<br \/>\nConcurso restringido de ideas construcci\u00f3n edificio viviendas. Cartagena, Murcia.<\/p>\n<p><strong>2003 <\/strong><\/p>\n<p>Concurso de ideas Castillo de Blanca. Blanca, Murcia. 2\u00baPremio.<br \/>\nConcurso de internacional Ideas Europan 7. Burgos. Burgos, Espa\u00f1a.<br \/>\nConcurso de ideas Ferial Almanjayar. Granada. Finalista.<br \/>\nConcurso de ideas Piscina P\u00fablica Municipal. Cieza. Cieza, Murcia.<\/p>\n<p><strong>2004 <\/strong><\/p>\n<p>Concurso de ideas edificio de Auditorio \u00c1guilas. \u00c1guilas, Murcia. Menci\u00f3n.<br \/>\nConcurso de ideas edificio de Auditorio San Pedro Del Pinatar. San Pedro Del Pinatar, Murcia. Tercer Premio.<br \/>\nConcurso restringido de ideas 178 V. Protegidas para el IVV. Valencia.<br \/>\nConcurso restringido de ideas Centro Cultural Brasil-Espa\u00f1a. Brasilia.<br \/>\nConcurso restringido de ideas Complejo tur\u00edstico en\u00a0 Vera. Vera, Almer\u00eda.<\/p>\n<p><strong>2005 <\/strong><\/p>\n<p>Concurso de ideas Edificio Vivienda Joven. El Esparragal. El Esparragal, Murcia.<br \/>\nConcurso de ideas Edificio Vivienda Joven. Torreag\u00fcera. Torreag\u00fcera, Murcia.<br \/>\nConcurso de internacional Ideas Europan 8. Hamar\u00a0\u00a0\u00a0 . Hamar, Noruega.<br \/>\nConcurso de internacional Ideas Europan 8. Valladolid. Valladolid, Espa\u00f1a. Menci\u00f3n.<br \/>\nConcurso contrataci\u00f3n asistencia t\u00e9cnica Senda mar\u00edtima Isla Plana. Cartagena, Murcia.<br \/>\nConcurso contrataci\u00f3n asistencia t\u00e9cnica Senda mar\u00edtima La Manga. San Javier, Murcia.<br \/>\nConcurso de ideas Piscina P\u00fablica Municipal. Mazarr\u00f3n. Mazarr\u00f3n, Murcia. 1\u00ba Premio.<br \/>\nConcurso de ideas P. Ejecuci\u00f3n Sede Delegaci\u00f3n Del Gobierno. Murcia.<\/p>\n<p><strong>2006 <\/strong><\/p>\n<p>Concurso de ideas Regeneraci\u00f3n Bah\u00eda Portman. Portman, Murcia.<br \/>\nConcurso de ideas \u201cMurcia Este, otra ciudad es posible\u201d. Murcia. 1\u00ba Premio.<\/p>\n<p><strong>2007 <\/strong><\/p>\n<p>Concurso de ideas Edificio C\u00e1mara Agraria.\u00a0\u00a0\u00a0 Murcia.<br \/>\nConcurso de ideas Ciudad del Medio Ambiente. Santomera, Murcia.<br \/>\nConcurso de ideas ampliaci\u00f3n Ayuntamiento Archena. Archena, Murcia. 2\u00ba Premio.<\/p>\n<p><strong>2008 <\/strong><\/p>\n<p>Concurso adjudicaci\u00f3n edificio integral de la Seguridad Social. Azuqueca, Guadalajara.<br \/>\nConcurso adjudicaci\u00f3n Sede Delegaciones JCCM. Guadalajara.<br \/>\nConcurso Material y Exposici\u00f3n espa\u00f1ola en Tokio Designer\u00b4s week. Tokio, Jap\u00f3n.<br \/>\nConcurso de ideas para la construcci\u00f3n de un edificio administrativo.<br \/>\nAnexo \u00e1rea de Hacienda de Ayuntamiento de Almeria. Almeria.<br \/>\nConcurso de ideas para el Campus de Ciencias de la Salud en la Universidad de Murcia. Murcia.<br \/>\nConcurso de Asistencia T\u00e9cnica de proyecto B\u00e1sico para la construcci\u00f3n de 26 viviendas en El Jimenado. Torre Pacheco. Primer Premio.<br \/>\nConcurso de Ideas para un centro tecnol\u00f3gico de la Energ\u00eda y Medio AmbienteFuente \u00c1lamo.<br \/>\nPrimer Premio.<br \/>\nConcurso de Ideas para la Sede de las Delegaciones de la Junta de Comunidades y de la Conseje<br \/>\nria de Educaci\u00f3n y Ciencia en Guadalajara.\u00a0\u00a0\u00a0 Guadalajara.<br \/>\nConcurso de ideas para la construcci\u00f3n de un edificio de Oficina para la Seguridad Social en Alcal\u00e1 de Henares. Alcal\u00e1 de Henares.<br \/>\nConcurso de Ideas para un Auditorio en \u00c1guilas. \u00c1guilas- Murcia.<br \/>\nConcurso de Ideas para un Auditorio en San Pedro del Pinatar. San Pedro del Pinatar.<br \/>\nConcurso de Ideas para la redacci\u00f3n del Palacio Municipal para la m\u00fasica, la cultura , los deportes y las ferias de Hell\u00edn. Hell\u00edn.<br \/>\nConcurso Sostenibilidad, Innovaci\u00f3n y Calidad en la Edificaci\u00f3n. Madrid.<br \/>\nConcurso de ideas para Un Centro de Producci\u00f3n y de Artes Escenicas. Molina de Segura. Murcia.<\/p>\n<p><strong>2009 <\/strong><\/p>\n<p>Concurso de Ideas para la construcci\u00f3n de un Centro Multicultural y suministros de equipamiento. Caravaca.<br \/>\nConcurso de Ideas para Edificio destinado a Teatro Auditorio en Alhama de Murcia. Alhama de Murcia.<br \/>\nConcurso de Proyectos para la redacci\u00f3n del Proyecto del Auditori Ciutat d\u00a8Elx. Elche.<br \/>\nConcurso de Ideas para la construcci\u00f3n del Centro de Salud de Lorca- Centro. Lorca.<br \/>\nConcurso para la adjudicaci\u00f3n de redacci\u00f3n de los proyectos t\u00e9cnicos relativos a las actuaciones 1 y 2 del Plan Yecla Valora.<br \/>\nEdificio Polivalente y Puesta en valor de la ladera sur del Cerro del Castillo. Yecla.<br \/>\nConcurso de Ideas de un nuevo C.E.I.P. en Las Salinas, Roquetas de Mar. Almer\u00eda.<\/p>\n<p><strong>2010 <\/strong><\/p>\n<p>Concurso de Ideas sobre el Tratamiento de la Rambla de Nogalte, Puerto Lumbreras.<br \/>\nConcurso de Ideas para la remodelaci\u00f3n de los servicios pesqueros y reordenaci\u00f3n urban\u00edstica del \u00e1rea norte del muelle de Levante en Huelva.<br \/>\nConcurso Escuela Polit\u00e9cnica de Cartagena. Cartagena.<br \/>\nHotel de las Delicias en Cieza. Cieza. Segundo Premio.<br \/>\nConcurso Rambla de Nogalte. Connecting People.\u00a0 Puerto de Lumbreras.<br \/>\nCentro de Conocimiento Digital y Creatividad AudiovisualCentro.Contentpolis. Cartagena.<\/p>\n<p><strong>2011 <\/strong><\/p>\n<p>Concurso internacional ONE PRIZE de Nueva York. Finalista.<\/p>\n<p><a href=\"http:\/\/www.xpiral.org\/\"><img loading=\"lazy\" decoding=\"async\" class=\"alignleft size-full wp-image-2594\" title=\"COMPETITION 2\" src=\"http:\/\/wp3.xpiral.org\/wp-content\/uploads\/2010\/09\/COMPETITION-2.jpg\" alt=\"\" width=\"633\" height=\"261\" srcset=\"http:\/\/wp3.xpiral.org\/wp-content\/uploads\/2010\/09\/COMPETITION-2.jpg 633w, http:\/\/wp3.xpiral.org\/wp-content\/uploads\/2010\/09\/COMPETITION-2-310x127.jpg 310w, http:\/\/wp3.xpiral.org\/wp-content\/uploads\/2010\/09\/COMPETITION-2-300x123.jpg 300w\" sizes=\"auto, (max-width: 633px) 100vw, 633px\" \/><\/a><\/p>\n","protected":false},"excerpt":{"rendered":"<p>&nbsp; &nbsp; &nbsp; &nbsp; &nbsp; &nbsp; &nbsp; &nbsp; 1993 Concurso de ideas Parque Cient\u00edfico y Tecnol\u00f3gico\u00a0\u00a0\u00a0 . Alcal\u00e1 de Henares, Madrid. Finalista. 1994 Concurso de ideas ordenaci\u00f3n espacios RENFE. Alcantarilla, Murcia. 1\u00ba Premio (Ex aequo). Concurso de ideas para el Molinete. Cartagena, Murcia. 1\u00ba Premio (Ex aequo). Concurso de participaci\u00f3n ciudadana, escultura. Premio. 1995 Concurso [&hellip;]<\/p>\n","protected":false},"author":1,"featured_media":0,"parent":0,"menu_order":0,"comment_status":"open","ping_status":"open","template":"","meta":{"footnotes":""},"class_list":["post-538","page","type-page","status-publish","hentry"],"_links":{"self":[{"href":"http:\/\/wp3.xpiral.org\/index.php?rest_route=\/wp\/v2\/pages\/538","targetHints":{"allow":["GET"]}}],"collection":[{"href":"http:\/\/wp3.xpiral.org\/index.php?rest_route=\/wp\/v2\/pages"}],"about":[{"href":"http:\/\/wp3.xpiral.org\/index.php?rest_route=\/wp\/v2\/types\/page"}],"author":[{"embeddable":true,"href":"http:\/\/wp3.xpiral.org\/index.php?rest_route=\/wp\/v2\/users\/1"}],"replies":[{"embeddable":true,"href":"http:\/\/wp3.xpiral.org\/index.php?rest_route=%2Fwp%2Fv2%2Fcomments&post=538"}],"version-history":[{"count":15,"href":"http:\/\/wp3.xpiral.org\/index.php?rest_route=\/wp\/v2\/pages\/538\/revisions"}],"predecessor-version":[{"id":3839,"href":"http:\/\/wp3.xpiral.org\/index.php?rest_route=\/wp\/v2\/pages\/538\/revisions\/3839"}],"wp:attachment":[{"href":"http:\/\/wp3.xpiral.org\/index.php?rest_route=%2Fwp%2Fv2%2Fmedia&parent=538"}],"curies":[{"name":"wp","href":"https:\/\/api.w.org\/{rel}","templated":true}]}}