{"id":541,"date":"2010-09-30T09:09:32","date_gmt":"2010-09-30T09:09:32","guid":{"rendered":"http:\/\/arquitecturaxpiral.wordpress.com\/"},"modified":"2015-11-12T17:01:30","modified_gmt":"2015-11-12T17:01:30","slug":"masterplan","status":"publish","type":"page","link":"http:\/\/wp3.xpiral.org\/?page_id=541","title":{"rendered":"PROJECTS"},"content":{"rendered":"<p><a href=\"http:\/\/www.xpiral.org\/\"><img loading=\"lazy\" decoding=\"async\" class=\"alignleft size-full wp-image-2615\" title=\"PROJECTS\" src=\"http:\/\/wp3.xpiral.org\/wp-content\/uploads\/2010\/09\/PROJECTS.jpg\" alt=\"\" width=\"633\" height=\"261\" srcset=\"http:\/\/wp3.xpiral.org\/wp-content\/uploads\/2010\/09\/PROJECTS.jpg 633w, http:\/\/wp3.xpiral.org\/wp-content\/uploads\/2010\/09\/PROJECTS-310x127.jpg 310w, http:\/\/wp3.xpiral.org\/wp-content\/uploads\/2010\/09\/PROJECTS-300x123.jpg 300w\" sizes=\"auto, (max-width: 633px) 100vw, 633px\" \/><\/a><\/p>\n<p>&nbsp;<\/p>\n<p>&nbsp;<\/p>\n<p>&nbsp;<\/p>\n<p>&nbsp;<\/p>\n<p>&nbsp;<\/p>\n<p>&nbsp;<\/p>\n<p>&nbsp;<\/p>\n<p>&nbsp;<\/p>\n<h3><strong>Obra Construida \/ PROYECTOS:<\/strong><\/h3>\n<p><strong>1992 <\/strong><\/p>\n<p>Gimnasio para B.M.I\u00a0\u00a0 Arrecife, Lanzarote. Obra construida<\/p>\n<p><strong>1995<\/strong><\/p>\n<p>Oficinas y f\u00e1brica de Escamusa. Totana, Murcia. Obra construida.<\/p>\n<p><strong>1997<\/strong><\/p>\n<p>Farmacia Rural\u00a0 Morata, Murcia. Proyecto de ejecuci\u00f3n.<\/p>\n<p>Remodelaci\u00f3n fachada Hotel Ribera. San Javier, Murcia. Obra construida.<\/p>\n<p><strong>1998<\/strong><\/p>\n<p>Vivienda Unifamiliar entre medianeras. Los Garres, Murcia. Proyecto de ejecuci\u00f3n.<\/p>\n<p>Oficinas y exposici\u00f3n de muebles MUDECA. Churra, Murcia. Proyecto de ejecuci\u00f3n.<\/p>\n<p>Centro tecnol\u00f3gico del metal. Alcantarilla, Murcia. Proyecto de ejecuci\u00f3n.<\/p>\n<p>Centro de formaci\u00f3n y sede social FREMM Murcia,\u00a0 Anteproyecto.<\/p>\n<p>Oficina de empresas para Cajamurcia. Alcantarilla, Murcia. Obra construida.<strong> <\/strong><\/p>\n<p>Concesionario de Autom\u00f3viles Audi-Porsche. Murcia. Anteproyecto<br \/>\n<strong>1999 <\/strong><\/p>\n<p>Taller Escuela Zigurat,, Casillas, Murcia. Obra construida.<br \/>\nCentro de ocio Zig-Zag, Murcia. Direcci\u00f3n de obra con Juli Capella<\/p>\n<p><strong>2004 <\/strong><\/p>\n<p>Vivienda Unifamiliar aislada. Casa para un ecologista. San Javier, Murcia. Obra construida.<br \/>\n<strong>2005 <\/strong><\/p>\n<p>Vivienda Unifamiliar aislada. Casa para 2 coleccionistas. Los Alc\u00e1zares, Murcia. Obra construida.<br \/>\nRemodelaci\u00f3n Club de Tenis. Jard\u00edn seco. Murcia. Obra construida.<br \/>\nTaller Neum\u00e1ticos Sanz Sport. Alacuas, Valencia. Obra construida.<br \/>\nOficinas Fabrica Confiletas. Torres de Cotillas, Murcia. Obra construida.<\/p>\n<p><strong>2006 <\/strong><\/p>\n<p>Vivienda Unifamiliar aislada. Mirador de Agridulce. Espinardo, Murcia. Obra construida.<br \/>\nVivienda Unifamiliar aislada. Casa de los pinos. El Esparragal, Murcia. Obra construida.<br \/>\nVivienda Unifamiliar entre medianeras. Molina de Segura, Murcia. Obra\u00a0 construida.<br \/>\n2 Viviendas Unifamiliares adosadas. Torreag\u00fcera atresados. Torreag\u00fcera, Murcia. Obra construida.<\/p>\n<p><strong>2007 <\/strong><\/p>\n<p>Reforma Ampliaci\u00f3n Club N\u00e1utico Lo Pag\u00e1n. San Pedro del Pinatar, Murcia. O. Construida.<br \/>\nEdificio plurifamiliar de 8 viviendas. Vistalegre. Murcia. Proyecto Ejecuci\u00f3n.<br \/>\nPiscina P\u00fablica Municipal. Mazarr\u00f3n, Murcia. P. Ejecuci\u00f3n y direcci\u00f3n<\/p>\n<p><strong>2009 <\/strong><\/p>\n<p>Centro de la Energ\u00eda y Medio Ambiente. Fuente \u00c1lamo. Murcia Proyecto B. y Ejecuci\u00f3n<br \/>\n<strong>2010 <\/strong><\/p>\n<p>Ampliaci\u00f3n de Lyc\u00e9e Franc\u00e9s. Molina de Segura. Anteproyecto.<br \/>\n<strong>2011 <\/strong><\/p>\n<p>Casa para un Windsurfista. Punta de Calnegre. Murcia. Obra construida<br \/>\nVivienda Introvertida. Urbanizaci\u00f3n Mirador de Agridulce, Espinardo, Murcia.<\/p>\n<p><a href=\"http:\/\/www.xpiral.org\/\"><img loading=\"lazy\" decoding=\"async\" class=\"alignleft size-full wp-image-2616\" title=\"PROJECTS 1\" src=\"http:\/\/www.xpiral.org\/blog\/wp-content\/uploads\/2010\/09\/PROJECTS-1.jpg\" alt=\"\" width=\"633\" height=\"261\" srcset=\"http:\/\/wp3.xpiral.org\/wp-content\/uploads\/2010\/09\/PROJECTS-1.jpg 633w, http:\/\/wp3.xpiral.org\/wp-content\/uploads\/2010\/09\/PROJECTS-1-310x127.jpg 310w, http:\/\/wp3.xpiral.org\/wp-content\/uploads\/2010\/09\/PROJECTS-1-300x123.jpg 300w\" sizes=\"auto, (max-width: 633px) 100vw, 633px\" \/><\/a><\/p>\n<p>&nbsp;<\/p>\n<p>&nbsp;<\/p>\n<p>&nbsp;<\/p>\n<p>&nbsp;<\/p>\n<p>&nbsp;<\/p>\n<p>&nbsp;<\/p>\n<p>&nbsp;<\/p>\n<p>&nbsp;<\/p>\n<p>&nbsp;<\/p>\n<h3><strong>Obra Construida \/ INTERIORISMO Y ARQUITECTURA EF\u00cdMERA<\/strong><\/h3>\n<h3><\/h3>\n<p>&nbsp;<\/p>\n<p><strong>1998 <\/strong><\/p>\n<p>Reforma interior vivienda. Casa Carre\u00f1o. Murcia, Obra construida.<br \/>\n<strong>1999 <\/strong><\/p>\n<p>Adecuaci\u00f3n Local Comercial. Tienda Ralo. Moixet, Valencia. Obra construida.<br \/>\nAdecuaci\u00f3n Local Comercial. Librer\u00eda Tierra. Murcia. Obra construida.<\/p>\n<p><strong>2000 <\/strong><\/p>\n<p>Adecuaci\u00f3n Local Comercial. Discoteca V\u00eda L\u00e1ctea. Murcia. Obra construida.<br \/>\nStand Sancal FIM. Valencia. Obra construida.<br \/>\nImagen corporativa para Sancal. (2000-2004)<br \/>\nReforma interior vivienda. Casa Fina Barcel\u00f3. Murcia. Obra construida.<br \/>\nAdecuaci\u00f3n Local Comercial. Librer\u00eda La Reina. Mazarr\u00f3n, Murcia. Obra construida.<\/p>\n<p><strong>2003 <\/strong><\/p>\n<p>Xtra. Fundaci\u00f3n CajaMurcia. Universidad de Murcia. Obra construida.<br \/>\nReforma interior vivienda. Vivienda en los Nueve Pisos. Murcia. Obra construida.<\/p>\n<p><strong>2004 <\/strong><\/p>\n<p>STAND Cajaduero. Natural vs. Virtual. Salamanca y Valladolid. Obra construida.<br \/>\nAdecuaci\u00f3n Local Comercial. Farmacia J. Ros. Los Alc\u00e1zares, Murcia. Obra construida.<\/p>\n<p><strong>2005 <\/strong><\/p>\n<p>Adecuaci\u00f3n Local Comercial. Oficinas TECONJOVEN\u00a0\u00a0\u00a0 . Murcia. Obra construida.<br \/>\nReforma interior vivienda. Casa Mar\u00eda Barcel\u00f3. Murcia. Proyecto de ejecuci\u00f3n.<\/p>\n<p>Exposici\u00f3n de VITRA en Quarta MOBILIARIO CONTEMPOR\u00c1NEO. Murcia.<\/p>\n<p><strong>2008 <\/strong><\/p>\n<p>Centro nuevas tecnolog\u00edas Fundaci\u00f3n Cajaduero. Espacio Bucle. Salamanca.<br \/>\nProyecto de ejecuci\u00f3n.<\/p>\n<p>Adecuaci\u00f3n Local Comercial. Quinta-Bulthaup. Murcia. Proyecto ejecuci\u00f3n<br \/>\nAdecuaci\u00f3n Local Comercial y oficinas. TECON Headquarters. Murcia.<br \/>\nExposici\u00f3n de EDRA en Quarta MOBILIARIO CONTEMPOR\u00c1NEO.Murcia.<\/p>\n<p><strong>2009<\/strong><\/p>\n<p>Adecuaci\u00f3n Local comercial. Quinta \u2013Bulthaup. Alicante. Obra construida.<\/p>\n<p><strong>2010 <\/strong><\/p>\n<p>Reforma local comercial para centro de meditaci\u00f3n. Murcia. Anteproyecto.<\/p>\n<p><strong> <\/strong>Reforma Interior de dos viviendas aisladas unifamiliares en Isla Plana. Murcia.<br \/>\nObra construida.<\/p>\n<p><strong>2011<\/strong><\/p>\n<p>Quarta LOFT. Freneria, Murcia. Obra construida.<\/p>\n<h3><a href=\"http:\/\/www.xpiral.org\/\"><img loading=\"lazy\" decoding=\"async\" class=\"alignleft size-full wp-image-2617\" title=\"PROJECTS 2\" src=\"http:\/\/wp3.xpiral.org\/wp-content\/uploads\/2010\/09\/PROJECTS-2.jpg\" alt=\"\" width=\"633\" height=\"261\" srcset=\"http:\/\/wp3.xpiral.org\/wp-content\/uploads\/2010\/09\/PROJECTS-2.jpg 633w, http:\/\/wp3.xpiral.org\/wp-content\/uploads\/2010\/09\/PROJECTS-2-310x127.jpg 310w, http:\/\/wp3.xpiral.org\/wp-content\/uploads\/2010\/09\/PROJECTS-2-300x123.jpg 300w\" sizes=\"auto, (max-width: 633px) 100vw, 633px\" \/><\/a><\/h3>\n<p>&nbsp;<\/p>\n<p>&nbsp;<\/p>\n<p>&nbsp;<\/p>\n<p>&nbsp;<\/p>\n<p>&nbsp;<\/p>\n<p>&nbsp;<\/p>\n<p>&nbsp;<\/p>\n<p>&nbsp;<\/p>\n<h3><strong>Obra construida \/ ACTUACIONES URBANAS:<\/strong><\/h3>\n<p><strong>1997 <\/strong><\/p>\n<p>Plan director calle mayor Alcantarilla. Alcantarilla, Murcia.<\/p>\n<p><strong>2000 <\/strong><\/p>\n<p>Regeneraci\u00f3n ambiental del R\u00edo Segura. Blanca, Murcia. Estudio Previo.<\/p>\n<p><strong>2001 <\/strong><\/p>\n<p>Propuesta de adecuaci\u00f3n del entorno de Aledo. Aledo, Murcia. Estudio Previo.<br \/>\nPlan director del borde litoral de La Manga. Cartagena, Murcia.<br \/>\nOrdenaci\u00f3n de la Rambla del Jud\u00edo. Abar\u00e1n. Murcia. Anteproyecto<\/p>\n<p><strong>2002 <\/strong><\/p>\n<p>Plaza y Torre Pormetxeta. Baracaldo. Bilbao. En construcci\u00f3n.<\/p>\n<p><strong>2003<\/strong><\/p>\n<p>Proyecto ordenaci\u00f3n Hipercatalunya. Parcs Industrials.Exposici\u00f3n en el MACBA,<br \/>\nBarcelona.<\/p>\n<p><strong>2004 <\/strong><\/p>\n<p>Senda Mar\u00edtima de Cabo Palos. Cabo Palos, Murcia. Proyecto de ejecuci\u00f3n.<\/p>\n<p><strong>2005 <\/strong><\/p>\n<p>ADN-Abar\u00e1n. Abar\u00e1n, Murcia. Anteproyecto.<\/p>\n<p><strong>2006 <\/strong><\/p>\n<p>Unidad de Actuaci\u00f3n en Dolores de Pacheco. Torre Pacheco, Murcia. Anteproyecto<\/p>\n<p><strong>2007 <\/strong><\/p>\n<p>Barrio de la Paz. Taller \/ Masterplan. Murcia.<\/p>\n<p><strong>2008 <\/strong><\/p>\n<p>Regeneraci\u00f3n Barrio San Gil. La Uni\u00f3n, Murcia. Proyecto en desarrollo.<br \/>\nMasterplan Bigastro Centro-Huerta. Bigastro, Alicante. Proyecto en desarrollo.<br \/>\nMasterplan Molina de Segura. Rambla.Molina de Segura, Murcia. P. en desarrollo.<\/p>\n<p><a href=\"http:\/\/www.xpiral.org\/\"><img loading=\"lazy\" decoding=\"async\" class=\"alignleft size-full wp-image-2618\" title=\"PROJECTS 3\" src=\"http:\/\/wp3.xpiral.org\/wp-content\/uploads\/2010\/09\/PROJECTS-4.jpg\" alt=\"\" width=\"633\" height=\"261\" srcset=\"http:\/\/wp3.xpiral.org\/wp-content\/uploads\/2010\/09\/PROJECTS-4.jpg 633w, http:\/\/wp3.xpiral.org\/wp-content\/uploads\/2010\/09\/PROJECTS-4-310x127.jpg 310w, http:\/\/wp3.xpiral.org\/wp-content\/uploads\/2010\/09\/PROJECTS-4-300x123.jpg 300w\" sizes=\"auto, (max-width: 633px) 100vw, 633px\" \/><\/a><\/p>\n","protected":false},"excerpt":{"rendered":"<p>&nbsp; &nbsp; &nbsp; &nbsp; &nbsp; &nbsp; &nbsp; &nbsp; Obra Construida \/ PROYECTOS: 1992 Gimnasio para B.M.I\u00a0\u00a0 Arrecife, Lanzarote. Obra construida 1995 Oficinas y f\u00e1brica de Escamusa. Totana, Murcia. Obra construida. 1997 Farmacia Rural\u00a0 Morata, Murcia. Proyecto de ejecuci\u00f3n. Remodelaci\u00f3n fachada Hotel Ribera. San Javier, Murcia. Obra construida. 1998 Vivienda Unifamiliar entre medianeras. Los Garres, Murcia. [&hellip;]<\/p>\n","protected":false},"author":1,"featured_media":0,"parent":0,"menu_order":0,"comment_status":"open","ping_status":"open","template":"","meta":{"footnotes":""},"class_list":["post-541","page","type-page","status-publish","hentry"],"_links":{"self":[{"href":"http:\/\/wp3.xpiral.org\/index.php?rest_route=\/wp\/v2\/pages\/541","targetHints":{"allow":["GET"]}}],"collection":[{"href":"http:\/\/wp3.xpiral.org\/index.php?rest_route=\/wp\/v2\/pages"}],"about":[{"href":"http:\/\/wp3.xpiral.org\/index.php?rest_route=\/wp\/v2\/types\/page"}],"author":[{"embeddable":true,"href":"http:\/\/wp3.xpiral.org\/index.php?rest_route=\/wp\/v2\/users\/1"}],"replies":[{"embeddable":true,"href":"http:\/\/wp3.xpiral.org\/index.php?rest_route=%2Fwp%2Fv2%2Fcomments&post=541"}],"version-history":[{"count":22,"href":"http:\/\/wp3.xpiral.org\/index.php?rest_route=\/wp\/v2\/pages\/541\/revisions"}],"predecessor-version":[{"id":3841,"href":"http:\/\/wp3.xpiral.org\/index.php?rest_route=\/wp\/v2\/pages\/541\/revisions\/3841"}],"wp:attachment":[{"href":"http:\/\/wp3.xpiral.org\/index.php?rest_route=%2Fwp%2Fv2%2Fmedia&parent=541"}],"curies":[{"name":"wp","href":"https:\/\/api.w.org\/{rel}","templated":true}]}}